{"id":2936,"date":"2025-11-19T10:49:13","date_gmt":"2025-11-19T16:49:13","guid":{"rendered":"https:\/\/colchonesselther.com\/cr\/?post_type=product&#038;p=2936"},"modified":"2026-03-24T10:14:16","modified_gmt":"2026-03-24T16:14:16","slug":"colchon-edicion-especial-black","status":"publish","type":"product","link":"https:\/\/colchonesselther.com\/cr\/producto\/colchon-edicion-especial-black\/","title":{"rendered":"Colch\u00f3n Edici\u00f3n Especial Black"},"content":{"rendered":"<p><img fetchpriority=\"high\" decoding=\"async\" class=\"alignnone wp-image-2951 size-full\" src=\"https:\/\/colchonesselther.com\/cr\/wp-content\/uploads\/2025\/11\/SELTHER-BENEFICIOS-edcion-black-nov25-1.jpg\" alt=\"\" width=\"1393\" height=\"474\" srcset=\"https:\/\/colchonesselther.com\/cr\/wp-content\/uploads\/2025\/11\/SELTHER-BENEFICIOS-edcion-black-nov25-1.jpg 1393w, https:\/\/colchonesselther.com\/cr\/wp-content\/uploads\/2025\/11\/SELTHER-BENEFICIOS-edcion-black-nov25-1-300x102.jpg 300w, https:\/\/colchonesselther.com\/cr\/wp-content\/uploads\/2025\/11\/SELTHER-BENEFICIOS-edcion-black-nov25-1-1024x348.jpg 1024w, https:\/\/colchonesselther.com\/cr\/wp-content\/uploads\/2025\/11\/SELTHER-BENEFICIOS-edcion-black-nov25-1-768x261.jpg 768w, https:\/\/colchonesselther.com\/cr\/wp-content\/uploads\/2025\/11\/SELTHER-BENEFICIOS-edcion-black-nov25-1-600x204.jpg 600w\" sizes=\"(max-width: 1393px) 100vw, 1393px\" \/><\/p>\n<p>*Im\u00e1genes con fines ilustrativos. Foto referencia tama\u00f1o matrimonial. Detalles pueden variar seg\u00fan disponibilidad.<\/p>\n","protected":false},"excerpt":{"rendered":"<p>Un colch\u00f3n de <strong>Confort medio<\/strong> ideal para darte noches de descanso premium y durabilidad que se siente desde la primera noche.<\/p>\n","protected":false},"featured_media":2946,"comment_status":"closed","ping_status":"closed","template":"","meta":[],"product_brand":[],"product_cat":[21],"product_tag":[],"class_list":{"0":"post-2936","1":"product","2":"type-product","3":"status-publish","4":"has-post-thumbnail","6":"product_cat-colchones","8":"first","9":"instock","10":"sale","11":"shipping-taxable","12":"purchasable","13":"product-type-variable","14":"has-default-attributes"},"yoast_head":"<!-- This site is optimized with the Yoast SEO plugin v26.8 - https:\/\/yoast.com\/product\/yoast-seo-wordpress\/ -->\n<title>Colch\u00f3n Edici\u00f3n Especial Black - Colchones Selther<\/title>\n<meta name=\"robots\" content=\"index, follow, max-snippet:-1, max-image-preview:large, max-video-preview:-1\" \/>\n<link rel=\"canonical\" href=\"https:\/\/colchonesselther.com\/cr\/producto\/colchon-edicion-especial-black\/\" \/>\n<meta property=\"og:locale\" content=\"es_ES\" \/>\n<meta property=\"og:type\" content=\"article\" \/>\n<meta property=\"og:title\" content=\"Colch\u00f3n Edici\u00f3n Especial Black - Colchones Selther\" \/>\n<meta property=\"og:description\" content=\"Un colch\u00f3n de Confort medio ideal para darte noches de descanso premium y durabilidad que se siente desde la primera noche.\" \/>\n<meta property=\"og:url\" content=\"https:\/\/colchonesselther.com\/cr\/producto\/colchon-edicion-especial-black\/\" \/>\n<meta property=\"og:site_name\" content=\"Colchones Selther\" \/>\n<meta property=\"article:modified_time\" content=\"2026-03-24T16:14:16+00:00\" \/>\n<meta property=\"og:image\" content=\"https:\/\/colchonesselther.com\/cr\/wp-content\/uploads\/2025\/11\/EE-black-nov25.jpg\" \/>\n\t<meta property=\"og:image:width\" content=\"1200\" \/>\n\t<meta property=\"og:image:height\" content=\"1200\" \/>\n\t<meta property=\"og:image:type\" content=\"image\/jpeg\" \/>\n<meta name=\"twitter:card\" content=\"summary_large_image\" \/>\n<meta name=\"twitter:label1\" content=\"Est. reading time\" \/>\n\t<meta name=\"twitter:data1\" content=\"1 minuto\" \/>\n<script type=\"application\/ld+json\" class=\"yoast-schema-graph\">{\"@context\":\"https:\/\/schema.org\",\"@graph\":[{\"@type\":\"WebPage\",\"@id\":\"https:\/\/colchonesselther.com\/cr\/producto\/colchon-edicion-especial-black\/\",\"url\":\"https:\/\/colchonesselther.com\/cr\/producto\/colchon-edicion-especial-black\/\",\"name\":\"Colch\u00f3n Edici\u00f3n Especial Black - Colchones Selther\",\"isPartOf\":{\"@id\":\"https:\/\/colchonesselther.com\/cr\/#website\"},\"primaryImageOfPage\":{\"@id\":\"https:\/\/colchonesselther.com\/cr\/producto\/colchon-edicion-especial-black\/#primaryimage\"},\"image\":{\"@id\":\"https:\/\/colchonesselther.com\/cr\/producto\/colchon-edicion-especial-black\/#primaryimage\"},\"thumbnailUrl\":\"https:\/\/colchonesselther.com\/cr\/wp-content\/uploads\/2025\/11\/EE-black-nov25.jpg\",\"datePublished\":\"2025-11-19T16:49:13+00:00\",\"dateModified\":\"2026-03-24T16:14:16+00:00\",\"breadcrumb\":{\"@id\":\"https:\/\/colchonesselther.com\/cr\/producto\/colchon-edicion-especial-black\/#breadcrumb\"},\"inLanguage\":\"es-CR\",\"potentialAction\":[{\"@type\":\"ReadAction\",\"target\":[\"https:\/\/colchonesselther.com\/cr\/producto\/colchon-edicion-especial-black\/\"]}]},{\"@type\":\"ImageObject\",\"inLanguage\":\"es-CR\",\"@id\":\"https:\/\/colchonesselther.com\/cr\/producto\/colchon-edicion-especial-black\/#primaryimage\",\"url\":\"https:\/\/colchonesselther.com\/cr\/wp-content\/uploads\/2025\/11\/EE-black-nov25.jpg\",\"contentUrl\":\"https:\/\/colchonesselther.com\/cr\/wp-content\/uploads\/2025\/11\/EE-black-nov25.jpg\",\"width\":1200,\"height\":1200},{\"@type\":\"BreadcrumbList\",\"@id\":\"https:\/\/colchonesselther.com\/cr\/producto\/colchon-edicion-especial-black\/#breadcrumb\",\"itemListElement\":[{\"@type\":\"ListItem\",\"position\":1,\"name\":\"Portada\",\"item\":\"https:\/\/colchonesselther.com\/cr\/\"},{\"@type\":\"ListItem\",\"position\":2,\"name\":\"Tienda\",\"item\":\"https:\/\/colchonesselther.com\/cr\/tienda\/\"},{\"@type\":\"ListItem\",\"position\":3,\"name\":\"Colch\u00f3n Edici\u00f3n Especial Black\"}]},{\"@type\":\"WebSite\",\"@id\":\"https:\/\/colchonesselther.com\/cr\/#website\",\"url\":\"https:\/\/colchonesselther.com\/cr\/\",\"name\":\"Colchones Selther\",\"description\":\"Durabilidad Europea Hecha Colch\u00f3n\",\"publisher\":{\"@id\":\"https:\/\/colchonesselther.com\/cr\/#organization\"},\"potentialAction\":[{\"@type\":\"SearchAction\",\"target\":{\"@type\":\"EntryPoint\",\"urlTemplate\":\"https:\/\/colchonesselther.com\/cr\/?s={search_term_string}\"},\"query-input\":{\"@type\":\"PropertyValueSpecification\",\"valueRequired\":true,\"valueName\":\"search_term_string\"}}],\"inLanguage\":\"es-CR\"},{\"@type\":\"Organization\",\"@id\":\"https:\/\/colchonesselther.com\/cr\/#organization\",\"name\":\"Colchones Selther\",\"url\":\"https:\/\/colchonesselther.com\/cr\/\",\"logo\":{\"@type\":\"ImageObject\",\"inLanguage\":\"es-CR\",\"@id\":\"https:\/\/colchonesselther.com\/cr\/#\/schema\/logo\/image\/\",\"url\":\"https:\/\/colchonesselther.com\/cr\/wp-content\/uploads\/2024\/07\/LOGO-SELTHER-SMALL.webp\",\"contentUrl\":\"https:\/\/colchonesselther.com\/cr\/wp-content\/uploads\/2024\/07\/LOGO-SELTHER-SMALL.webp\",\"width\":650,\"height\":189,\"caption\":\"Colchones Selther\"},\"image\":{\"@id\":\"https:\/\/colchonesselther.com\/cr\/#\/schema\/logo\/image\/\"}}]}<\/script>\n<!-- \/ Yoast SEO plugin. -->","yoast_head_json":{"title":"Colch\u00f3n Edici\u00f3n Especial Black - Colchones Selther","robots":{"index":"index","follow":"follow","max-snippet":"max-snippet:-1","max-image-preview":"max-image-preview:large","max-video-preview":"max-video-preview:-1"},"canonical":"https:\/\/colchonesselther.com\/cr\/producto\/colchon-edicion-especial-black\/","og_locale":"es_ES","og_type":"article","og_title":"Colch\u00f3n Edici\u00f3n Especial Black - Colchones Selther","og_description":"Un colch\u00f3n de Confort medio ideal para darte noches de descanso premium y durabilidad que se siente desde la primera noche.","og_url":"https:\/\/colchonesselther.com\/cr\/producto\/colchon-edicion-especial-black\/","og_site_name":"Colchones Selther","article_modified_time":"2026-03-24T16:14:16+00:00","og_image":[{"width":1200,"height":1200,"url":"https:\/\/colchonesselther.com\/cr\/wp-content\/uploads\/2025\/11\/EE-black-nov25.jpg","type":"image\/jpeg"}],"twitter_card":"summary_large_image","twitter_misc":{"Est. reading time":"1 minuto"},"schema":{"@context":"https:\/\/schema.org","@graph":[{"@type":"WebPage","@id":"https:\/\/colchonesselther.com\/cr\/producto\/colchon-edicion-especial-black\/","url":"https:\/\/colchonesselther.com\/cr\/producto\/colchon-edicion-especial-black\/","name":"Colch\u00f3n Edici\u00f3n Especial Black - Colchones Selther","isPartOf":{"@id":"https:\/\/colchonesselther.com\/cr\/#website"},"primaryImageOfPage":{"@id":"https:\/\/colchonesselther.com\/cr\/producto\/colchon-edicion-especial-black\/#primaryimage"},"image":{"@id":"https:\/\/colchonesselther.com\/cr\/producto\/colchon-edicion-especial-black\/#primaryimage"},"thumbnailUrl":"https:\/\/colchonesselther.com\/cr\/wp-content\/uploads\/2025\/11\/EE-black-nov25.jpg","datePublished":"2025-11-19T16:49:13+00:00","dateModified":"2026-03-24T16:14:16+00:00","breadcrumb":{"@id":"https:\/\/colchonesselther.com\/cr\/producto\/colchon-edicion-especial-black\/#breadcrumb"},"inLanguage":"es-CR","potentialAction":[{"@type":"ReadAction","target":["https:\/\/colchonesselther.com\/cr\/producto\/colchon-edicion-especial-black\/"]}]},{"@type":"ImageObject","inLanguage":"es-CR","@id":"https:\/\/colchonesselther.com\/cr\/producto\/colchon-edicion-especial-black\/#primaryimage","url":"https:\/\/colchonesselther.com\/cr\/wp-content\/uploads\/2025\/11\/EE-black-nov25.jpg","contentUrl":"https:\/\/colchonesselther.com\/cr\/wp-content\/uploads\/2025\/11\/EE-black-nov25.jpg","width":1200,"height":1200},{"@type":"BreadcrumbList","@id":"https:\/\/colchonesselther.com\/cr\/producto\/colchon-edicion-especial-black\/#breadcrumb","itemListElement":[{"@type":"ListItem","position":1,"name":"Portada","item":"https:\/\/colchonesselther.com\/cr\/"},{"@type":"ListItem","position":2,"name":"Tienda","item":"https:\/\/colchonesselther.com\/cr\/tienda\/"},{"@type":"ListItem","position":3,"name":"Colch\u00f3n Edici\u00f3n Especial Black"}]},{"@type":"WebSite","@id":"https:\/\/colchonesselther.com\/cr\/#website","url":"https:\/\/colchonesselther.com\/cr\/","name":"Colchones Selther","description":"Durabilidad Europea Hecha Colch\u00f3n","publisher":{"@id":"https:\/\/colchonesselther.com\/cr\/#organization"},"potentialAction":[{"@type":"SearchAction","target":{"@type":"EntryPoint","urlTemplate":"https:\/\/colchonesselther.com\/cr\/?s={search_term_string}"},"query-input":{"@type":"PropertyValueSpecification","valueRequired":true,"valueName":"search_term_string"}}],"inLanguage":"es-CR"},{"@type":"Organization","@id":"https:\/\/colchonesselther.com\/cr\/#organization","name":"Colchones Selther","url":"https:\/\/colchonesselther.com\/cr\/","logo":{"@type":"ImageObject","inLanguage":"es-CR","@id":"https:\/\/colchonesselther.com\/cr\/#\/schema\/logo\/image\/","url":"https:\/\/colchonesselther.com\/cr\/wp-content\/uploads\/2024\/07\/LOGO-SELTHER-SMALL.webp","contentUrl":"https:\/\/colchonesselther.com\/cr\/wp-content\/uploads\/2024\/07\/LOGO-SELTHER-SMALL.webp","width":650,"height":189,"caption":"Colchones Selther"},"image":{"@id":"https:\/\/colchonesselther.com\/cr\/#\/schema\/logo\/image\/"}}]}},"_links":{"self":[{"href":"https:\/\/colchonesselther.com\/cr\/wp-json\/wp\/v2\/product\/2936","targetHints":{"allow":["GET"]}}],"collection":[{"href":"https:\/\/colchonesselther.com\/cr\/wp-json\/wp\/v2\/product"}],"about":[{"href":"https:\/\/colchonesselther.com\/cr\/wp-json\/wp\/v2\/types\/product"}],"replies":[{"embeddable":true,"href":"https:\/\/colchonesselther.com\/cr\/wp-json\/wp\/v2\/comments?post=2936"}],"wp:featuredmedia":[{"embeddable":true,"href":"https:\/\/colchonesselther.com\/cr\/wp-json\/wp\/v2\/media\/2946"}],"wp:attachment":[{"href":"https:\/\/colchonesselther.com\/cr\/wp-json\/wp\/v2\/media?parent=2936"}],"wp:term":[{"taxonomy":"product_brand","embeddable":true,"href":"https:\/\/colchonesselther.com\/cr\/wp-json\/wp\/v2\/product_brand?post=2936"},{"taxonomy":"product_cat","embeddable":true,"href":"https:\/\/colchonesselther.com\/cr\/wp-json\/wp\/v2\/product_cat?post=2936"},{"taxonomy":"product_tag","embeddable":true,"href":"https:\/\/colchonesselther.com\/cr\/wp-json\/wp\/v2\/product_tag?post=2936"}],"curies":[{"name":"wp","href":"https:\/\/api.w.org\/{rel}","templated":true}]}}