{"id":311,"date":"2024-08-27T15:53:26","date_gmt":"2024-08-27T15:53:26","guid":{"rendered":"https:\/\/colchonesselther.com\/cr\/?post_type=product&#038;p=311"},"modified":"2026-04-09T16:24:44","modified_gmt":"2026-04-09T22:24:44","slug":"firm","status":"publish","type":"product","link":"https:\/\/colchonesselther.com\/cr\/producto\/firm\/","title":{"rendered":"Colch\u00f3n Firm"},"content":{"rendered":"<p>&nbsp;<\/p>\n<div style=\"grid-template-columns: 1fr 2fr; grid-template-rows: 1fr; grid-column-gap: 10px; grid-row-gap: 10px;\">\n<div>\n<p style=\"text-align: center;\">COLCHONES<\/p>\n<h2 style=\"text-align: center;\"><strong>FRESCURA AL TACTO<\/strong><\/h2>\n<p>Tejidos de punto con frescura al tacto. Brindan suavidad, modernidad y tendencia.<\/p>\n<\/div>\n<div><img fetchpriority=\"high\" decoding=\"async\" class=\"alignnone wp-image-1533\" src=\"https:\/\/colchonesselther.com\/cr\/wp-content\/uploads\/2024\/08\/capa_colchonespocket.jpg\" alt=\" Corte transversal mostrando las capas del colch\u00f3n firme\" width=\"750\" height=\"204\" srcset=\"https:\/\/colchonesselther.com\/cr\/wp-content\/uploads\/2024\/08\/capa_colchonespocket.jpg 1500w, https:\/\/colchonesselther.com\/cr\/wp-content\/uploads\/2024\/08\/capa_colchonespocket-300x82.jpg 300w, https:\/\/colchonesselther.com\/cr\/wp-content\/uploads\/2024\/08\/capa_colchonespocket-1024x279.jpg 1024w, https:\/\/colchonesselther.com\/cr\/wp-content\/uploads\/2024\/08\/capa_colchonespocket-768x209.jpg 768w, https:\/\/colchonesselther.com\/cr\/wp-content\/uploads\/2024\/08\/capa_colchonespocket-600x163.jpg 600w\" sizes=\"(max-width: 750px) 100vw, 750px\" \/><\/div>\n<\/div>\n<p>&nbsp;<\/p>\n<div style=\"grid-template-columns: 2fr 1fr; grid-template-rows: 1fr; grid-column-gap: 10px; grid-row-gap: 10px;\">\n<div>\n<p><img decoding=\"async\" class=\"alignnone wp-image-1536\" src=\"https:\/\/colchonesselther.com\/cr\/wp-content\/uploads\/2024\/08\/borde_firm.jpg\" alt=\"Borde reforzado de un colch\u00f3n edici\u00f3n especial con detalles elegantes.\" width=\"750\" height=\"204\" srcset=\"https:\/\/colchonesselther.com\/cr\/wp-content\/uploads\/2024\/08\/borde_firm.jpg 1500w, https:\/\/colchonesselther.com\/cr\/wp-content\/uploads\/2024\/08\/borde_firm-300x82.jpg 300w, https:\/\/colchonesselther.com\/cr\/wp-content\/uploads\/2024\/08\/borde_firm-1024x279.jpg 1024w, https:\/\/colchonesselther.com\/cr\/wp-content\/uploads\/2024\/08\/borde_firm-768x209.jpg 768w, https:\/\/colchonesselther.com\/cr\/wp-content\/uploads\/2024\/08\/borde_firm-600x163.jpg 600w\" sizes=\"(max-width: 750px) 100vw, 750px\" \/><\/p>\n<\/div>\n<div>\n<p style=\"text-align: center;\">COLCHONES<\/p>\n<h2 style=\"text-align: center;\"><strong>DURABILIDAD<\/strong><\/h2>\n<p>Colch\u00f3n de confort firme, de uso doble lado para mayor durabilidad.<\/p>\n<\/div>\n<\/div>\n<p>&nbsp;<\/p>\n<p><img decoding=\"async\" class=\"alignnone wp-image-1542 size-full\" src=\"https:\/\/colchonesselther.com\/cr\/wp-content\/uploads\/2024\/08\/firm_beneficios.jpg\" alt=\"Beneficios del colch\u00f3n Firm, resaltando su firmeza y durabilidad para un mejor descanso.\" width=\"1393\" height=\"474\" srcset=\"https:\/\/colchonesselther.com\/cr\/wp-content\/uploads\/2024\/08\/firm_beneficios.jpg 1393w, https:\/\/colchonesselther.com\/cr\/wp-content\/uploads\/2024\/08\/firm_beneficios-300x102.jpg 300w, https:\/\/colchonesselther.com\/cr\/wp-content\/uploads\/2024\/08\/firm_beneficios-1024x348.jpg 1024w, https:\/\/colchonesselther.com\/cr\/wp-content\/uploads\/2024\/08\/firm_beneficios-768x261.jpg 768w, https:\/\/colchonesselther.com\/cr\/wp-content\/uploads\/2024\/08\/firm_beneficios-600x204.jpg 600w\" sizes=\"(max-width: 1393px) 100vw, 1393px\" \/><\/p>\n","protected":false},"excerpt":{"rendered":"<p>Colch\u00f3n de <strong>confort firme<\/strong>, con sistema de resortes encapsulados con 5 zonas de soporte que brindan cero transmisi\u00f3n de movimiento, con una espuma compactada que brinda mayor firmeza y soporte y tejidos de punto con frescura al tacto.<\/p>\n","protected":false},"featured_media":2108,"comment_status":"open","ping_status":"closed","template":"","meta":[],"product_brand":[],"product_cat":[21],"product_tag":[28],"class_list":{"0":"post-311","1":"product","2":"type-product","3":"status-publish","4":"has-post-thumbnail","6":"product_cat-colchones","7":"product_tag-firme","9":"first","10":"instock","11":"sale","12":"shipping-taxable","13":"purchasable","14":"product-type-variable","15":"has-default-attributes"},"yoast_head":"<!-- This site is optimized with the Yoast SEO plugin v26.8 - https:\/\/yoast.com\/product\/yoast-seo-wordpress\/ -->\n<title>Colch\u00f3n Firm - Colchones Selther<\/title>\n<meta name=\"description\" content=\"Descubre nuestra colecci\u00f3n de colchones Selther: dise\u00f1os ergon\u00f3micos para un descanso reparador. \u00a1Encuentra el tuyo hoy mismo!\" \/>\n<meta name=\"robots\" content=\"index, follow, max-snippet:-1, max-image-preview:large, max-video-preview:-1\" \/>\n<link rel=\"canonical\" href=\"https:\/\/colchonesselther.com\/cr\/producto\/firm\/\" \/>\n<meta property=\"og:locale\" content=\"es_ES\" \/>\n<meta property=\"og:type\" content=\"article\" \/>\n<meta property=\"og:title\" content=\"Colch\u00f3n Firm - Colchones Selther\" \/>\n<meta property=\"og:description\" content=\"Descubre nuestra colecci\u00f3n de colchones Selther: dise\u00f1os ergon\u00f3micos para un descanso reparador. \u00a1Encuentra el tuyo hoy mismo!\" \/>\n<meta property=\"og:url\" content=\"https:\/\/colchonesselther.com\/cr\/producto\/firm\/\" \/>\n<meta property=\"og:site_name\" content=\"Colchones Selther\" \/>\n<meta property=\"article:modified_time\" content=\"2026-04-09T22:24:44+00:00\" \/>\n<meta property=\"og:image\" content=\"https:\/\/colchonesselther.com\/cr\/wp-content\/uploads\/2024\/08\/firm.jpg\" \/>\n\t<meta property=\"og:image:width\" content=\"1200\" \/>\n\t<meta property=\"og:image:height\" content=\"1200\" \/>\n\t<meta property=\"og:image:type\" content=\"image\/jpeg\" \/>\n<meta name=\"twitter:card\" content=\"summary_large_image\" \/>\n<meta name=\"twitter:label1\" content=\"Est. reading time\" \/>\n\t<meta name=\"twitter:data1\" content=\"1 minuto\" \/>\n<script type=\"application\/ld+json\" class=\"yoast-schema-graph\">{\"@context\":\"https:\/\/schema.org\",\"@graph\":[{\"@type\":\"WebPage\",\"@id\":\"https:\/\/colchonesselther.com\/cr\/producto\/firm\/\",\"url\":\"https:\/\/colchonesselther.com\/cr\/producto\/firm\/\",\"name\":\"Colch\u00f3n Firm - Colchones Selther\",\"isPartOf\":{\"@id\":\"https:\/\/colchonesselther.com\/cr\/#website\"},\"primaryImageOfPage\":{\"@id\":\"https:\/\/colchonesselther.com\/cr\/producto\/firm\/#primaryimage\"},\"image\":{\"@id\":\"https:\/\/colchonesselther.com\/cr\/producto\/firm\/#primaryimage\"},\"thumbnailUrl\":\"https:\/\/colchonesselther.com\/cr\/wp-content\/uploads\/2024\/08\/firm.jpg\",\"datePublished\":\"2024-08-27T15:53:26+00:00\",\"dateModified\":\"2026-04-09T22:24:44+00:00\",\"description\":\"Descubre nuestra colecci\u00f3n de colchones Selther: dise\u00f1os ergon\u00f3micos para un descanso reparador. \u00a1Encuentra el tuyo hoy mismo!\",\"breadcrumb\":{\"@id\":\"https:\/\/colchonesselther.com\/cr\/producto\/firm\/#breadcrumb\"},\"inLanguage\":\"es-CR\",\"potentialAction\":[{\"@type\":\"ReadAction\",\"target\":[\"https:\/\/colchonesselther.com\/cr\/producto\/firm\/\"]}]},{\"@type\":\"ImageObject\",\"inLanguage\":\"es-CR\",\"@id\":\"https:\/\/colchonesselther.com\/cr\/producto\/firm\/#primaryimage\",\"url\":\"https:\/\/colchonesselther.com\/cr\/wp-content\/uploads\/2024\/08\/firm.jpg\",\"contentUrl\":\"https:\/\/colchonesselther.com\/cr\/wp-content\/uploads\/2024\/08\/firm.jpg\",\"width\":1200,\"height\":1200,\"caption\":\"Foto Colch\u00f3n y base Modelo Firm Selther\"},{\"@type\":\"BreadcrumbList\",\"@id\":\"https:\/\/colchonesselther.com\/cr\/producto\/firm\/#breadcrumb\",\"itemListElement\":[{\"@type\":\"ListItem\",\"position\":1,\"name\":\"Portada\",\"item\":\"https:\/\/colchonesselther.com\/cr\/\"},{\"@type\":\"ListItem\",\"position\":2,\"name\":\"Tienda\",\"item\":\"https:\/\/colchonesselther.com\/cr\/tienda\/\"},{\"@type\":\"ListItem\",\"position\":3,\"name\":\"Colch\u00f3n Firm\"}]},{\"@type\":\"WebSite\",\"@id\":\"https:\/\/colchonesselther.com\/cr\/#website\",\"url\":\"https:\/\/colchonesselther.com\/cr\/\",\"name\":\"Colchones Selther\",\"description\":\"Durabilidad Europea Hecha Colch\u00f3n\",\"publisher\":{\"@id\":\"https:\/\/colchonesselther.com\/cr\/#organization\"},\"potentialAction\":[{\"@type\":\"SearchAction\",\"target\":{\"@type\":\"EntryPoint\",\"urlTemplate\":\"https:\/\/colchonesselther.com\/cr\/?s={search_term_string}\"},\"query-input\":{\"@type\":\"PropertyValueSpecification\",\"valueRequired\":true,\"valueName\":\"search_term_string\"}}],\"inLanguage\":\"es-CR\"},{\"@type\":\"Organization\",\"@id\":\"https:\/\/colchonesselther.com\/cr\/#organization\",\"name\":\"Colchones Selther\",\"url\":\"https:\/\/colchonesselther.com\/cr\/\",\"logo\":{\"@type\":\"ImageObject\",\"inLanguage\":\"es-CR\",\"@id\":\"https:\/\/colchonesselther.com\/cr\/#\/schema\/logo\/image\/\",\"url\":\"https:\/\/colchonesselther.com\/cr\/wp-content\/uploads\/2024\/07\/LOGO-SELTHER-SMALL.webp\",\"contentUrl\":\"https:\/\/colchonesselther.com\/cr\/wp-content\/uploads\/2024\/07\/LOGO-SELTHER-SMALL.webp\",\"width\":650,\"height\":189,\"caption\":\"Colchones Selther\"},\"image\":{\"@id\":\"https:\/\/colchonesselther.com\/cr\/#\/schema\/logo\/image\/\"}}]}<\/script>\n<!-- \/ Yoast SEO plugin. -->","yoast_head_json":{"title":"Colch\u00f3n Firm - Colchones Selther","description":"Descubre nuestra colecci\u00f3n de colchones Selther: dise\u00f1os ergon\u00f3micos para un descanso reparador. \u00a1Encuentra el tuyo hoy mismo!","robots":{"index":"index","follow":"follow","max-snippet":"max-snippet:-1","max-image-preview":"max-image-preview:large","max-video-preview":"max-video-preview:-1"},"canonical":"https:\/\/colchonesselther.com\/cr\/producto\/firm\/","og_locale":"es_ES","og_type":"article","og_title":"Colch\u00f3n Firm - Colchones Selther","og_description":"Descubre nuestra colecci\u00f3n de colchones Selther: dise\u00f1os ergon\u00f3micos para un descanso reparador. \u00a1Encuentra el tuyo hoy mismo!","og_url":"https:\/\/colchonesselther.com\/cr\/producto\/firm\/","og_site_name":"Colchones Selther","article_modified_time":"2026-04-09T22:24:44+00:00","og_image":[{"width":1200,"height":1200,"url":"https:\/\/colchonesselther.com\/cr\/wp-content\/uploads\/2024\/08\/firm.jpg","type":"image\/jpeg"}],"twitter_card":"summary_large_image","twitter_misc":{"Est. reading time":"1 minuto"},"schema":{"@context":"https:\/\/schema.org","@graph":[{"@type":"WebPage","@id":"https:\/\/colchonesselther.com\/cr\/producto\/firm\/","url":"https:\/\/colchonesselther.com\/cr\/producto\/firm\/","name":"Colch\u00f3n Firm - Colchones Selther","isPartOf":{"@id":"https:\/\/colchonesselther.com\/cr\/#website"},"primaryImageOfPage":{"@id":"https:\/\/colchonesselther.com\/cr\/producto\/firm\/#primaryimage"},"image":{"@id":"https:\/\/colchonesselther.com\/cr\/producto\/firm\/#primaryimage"},"thumbnailUrl":"https:\/\/colchonesselther.com\/cr\/wp-content\/uploads\/2024\/08\/firm.jpg","datePublished":"2024-08-27T15:53:26+00:00","dateModified":"2026-04-09T22:24:44+00:00","description":"Descubre nuestra colecci\u00f3n de colchones Selther: dise\u00f1os ergon\u00f3micos para un descanso reparador. \u00a1Encuentra el tuyo hoy mismo!","breadcrumb":{"@id":"https:\/\/colchonesselther.com\/cr\/producto\/firm\/#breadcrumb"},"inLanguage":"es-CR","potentialAction":[{"@type":"ReadAction","target":["https:\/\/colchonesselther.com\/cr\/producto\/firm\/"]}]},{"@type":"ImageObject","inLanguage":"es-CR","@id":"https:\/\/colchonesselther.com\/cr\/producto\/firm\/#primaryimage","url":"https:\/\/colchonesselther.com\/cr\/wp-content\/uploads\/2024\/08\/firm.jpg","contentUrl":"https:\/\/colchonesselther.com\/cr\/wp-content\/uploads\/2024\/08\/firm.jpg","width":1200,"height":1200,"caption":"Foto Colch\u00f3n y base Modelo Firm Selther"},{"@type":"BreadcrumbList","@id":"https:\/\/colchonesselther.com\/cr\/producto\/firm\/#breadcrumb","itemListElement":[{"@type":"ListItem","position":1,"name":"Portada","item":"https:\/\/colchonesselther.com\/cr\/"},{"@type":"ListItem","position":2,"name":"Tienda","item":"https:\/\/colchonesselther.com\/cr\/tienda\/"},{"@type":"ListItem","position":3,"name":"Colch\u00f3n Firm"}]},{"@type":"WebSite","@id":"https:\/\/colchonesselther.com\/cr\/#website","url":"https:\/\/colchonesselther.com\/cr\/","name":"Colchones Selther","description":"Durabilidad Europea Hecha Colch\u00f3n","publisher":{"@id":"https:\/\/colchonesselther.com\/cr\/#organization"},"potentialAction":[{"@type":"SearchAction","target":{"@type":"EntryPoint","urlTemplate":"https:\/\/colchonesselther.com\/cr\/?s={search_term_string}"},"query-input":{"@type":"PropertyValueSpecification","valueRequired":true,"valueName":"search_term_string"}}],"inLanguage":"es-CR"},{"@type":"Organization","@id":"https:\/\/colchonesselther.com\/cr\/#organization","name":"Colchones Selther","url":"https:\/\/colchonesselther.com\/cr\/","logo":{"@type":"ImageObject","inLanguage":"es-CR","@id":"https:\/\/colchonesselther.com\/cr\/#\/schema\/logo\/image\/","url":"https:\/\/colchonesselther.com\/cr\/wp-content\/uploads\/2024\/07\/LOGO-SELTHER-SMALL.webp","contentUrl":"https:\/\/colchonesselther.com\/cr\/wp-content\/uploads\/2024\/07\/LOGO-SELTHER-SMALL.webp","width":650,"height":189,"caption":"Colchones Selther"},"image":{"@id":"https:\/\/colchonesselther.com\/cr\/#\/schema\/logo\/image\/"}}]}},"_links":{"self":[{"href":"https:\/\/colchonesselther.com\/cr\/wp-json\/wp\/v2\/product\/311","targetHints":{"allow":["GET"]}}],"collection":[{"href":"https:\/\/colchonesselther.com\/cr\/wp-json\/wp\/v2\/product"}],"about":[{"href":"https:\/\/colchonesselther.com\/cr\/wp-json\/wp\/v2\/types\/product"}],"replies":[{"embeddable":true,"href":"https:\/\/colchonesselther.com\/cr\/wp-json\/wp\/v2\/comments?post=311"}],"wp:featuredmedia":[{"embeddable":true,"href":"https:\/\/colchonesselther.com\/cr\/wp-json\/wp\/v2\/media\/2108"}],"wp:attachment":[{"href":"https:\/\/colchonesselther.com\/cr\/wp-json\/wp\/v2\/media?parent=311"}],"wp:term":[{"taxonomy":"product_brand","embeddable":true,"href":"https:\/\/colchonesselther.com\/cr\/wp-json\/wp\/v2\/product_brand?post=311"},{"taxonomy":"product_cat","embeddable":true,"href":"https:\/\/colchonesselther.com\/cr\/wp-json\/wp\/v2\/product_cat?post=311"},{"taxonomy":"product_tag","embeddable":true,"href":"https:\/\/colchonesselther.com\/cr\/wp-json\/wp\/v2\/product_tag?post=311"}],"curies":[{"name":"wp","href":"https:\/\/api.w.org\/{rel}","templated":true}]}}