{"id":3333,"date":"2026-04-16T13:01:33","date_gmt":"2026-04-16T19:01:33","guid":{"rendered":"https:\/\/colchonesselther.com\/cr\/?post_type=product&#038;p=3333"},"modified":"2026-04-16T13:01:33","modified_gmt":"2026-04-16T19:01:33","slug":"combo-kit-element-colchon-firm","status":"publish","type":"product","link":"https:\/\/colchonesselther.com\/cr\/producto\/combo-kit-element-colchon-firm\/","title":{"rendered":"Combo: Kit Element + Colch\u00f3n Firm"},"content":{"rendered":"<div style=\"grid-template-columns: 1fr 2fr; grid-template-rows: 1fr; grid-column-gap: 10px; grid-row-gap: 10px;\">\n<div>\n<p>&nbsp;<\/p>\n<\/div>\n<div>\n<p style=\"text-align: center;\"><img fetchpriority=\"high\" decoding=\"async\" class=\"alignleft wp-image-1533\" style=\"font-family: -apple-system, BlinkMacSystemFont, 'Segoe UI', Roboto, 'Helvetica Neue', Arial, 'Noto Sans', sans-serif, 'Apple Color Emoji', 'Segoe UI Emoji', 'Segoe UI Symbol', 'Noto Color Emoji';\" src=\"https:\/\/colchonesselther.com\/cr\/wp-content\/uploads\/2024\/08\/capa_colchonespocket.jpg\" alt=\" Corte transversal mostrando las capas del colch\u00f3n firme\" width=\"700\" height=\"190\" srcset=\"https:\/\/colchonesselther.com\/cr\/wp-content\/uploads\/2024\/08\/capa_colchonespocket.jpg 1500w, https:\/\/colchonesselther.com\/cr\/wp-content\/uploads\/2024\/08\/capa_colchonespocket-300x82.jpg 300w, https:\/\/colchonesselther.com\/cr\/wp-content\/uploads\/2024\/08\/capa_colchonespocket-1024x279.jpg 1024w, https:\/\/colchonesselther.com\/cr\/wp-content\/uploads\/2024\/08\/capa_colchonespocket-768x209.jpg 768w, https:\/\/colchonesselther.com\/cr\/wp-content\/uploads\/2024\/08\/capa_colchonespocket-600x163.jpg 600w\" sizes=\"(max-width: 700px) 100vw, 700px\" \/><\/p>\n<h2><\/h2>\n<h2 style=\"text-align: center;\"><strong>FRESCURA AL TACTO<\/strong><\/h2>\n<p>Tejidos de punto con frescura al tacto. Brindan suavidad, modernidad y tendencia.<\/p>\n<\/div>\n<\/div>\n<p>&nbsp;<\/p>\n<p>&nbsp;<\/p>\n<div style=\"grid-template-columns: 2fr 1fr; grid-template-rows: 1fr; grid-column-gap: 10px; grid-row-gap: 10px;\">\n<div>\n<p><img decoding=\"async\" class=\"alignleft wp-image-1536\" src=\"https:\/\/colchonesselther.com\/cr\/wp-content\/uploads\/2024\/08\/borde_firm.jpg\" alt=\"Borde reforzado de un colch\u00f3n edici\u00f3n especial con detalles elegantes.\" width=\"700\" height=\"190\" srcset=\"https:\/\/colchonesselther.com\/cr\/wp-content\/uploads\/2024\/08\/borde_firm.jpg 1500w, https:\/\/colchonesselther.com\/cr\/wp-content\/uploads\/2024\/08\/borde_firm-300x82.jpg 300w, https:\/\/colchonesselther.com\/cr\/wp-content\/uploads\/2024\/08\/borde_firm-1024x279.jpg 1024w, https:\/\/colchonesselther.com\/cr\/wp-content\/uploads\/2024\/08\/borde_firm-768x209.jpg 768w, https:\/\/colchonesselther.com\/cr\/wp-content\/uploads\/2024\/08\/borde_firm-600x163.jpg 600w\" sizes=\"(max-width: 700px) 100vw, 700px\" \/><\/p>\n<\/div>\n<div>\n<h2 style=\"text-align: center;\"><strong>DURABILIDAD<\/strong><\/h2>\n<p>Colch\u00f3n de confort firme, de uso doble lado para mayor durabilidad.<\/p>\n<\/div>\n<\/div>\n<p>&nbsp;<\/p>\n<p><img decoding=\"async\" class=\"alignnone wp-image-1542 size-full\" src=\"https:\/\/colchonesselther.com\/cr\/wp-content\/uploads\/2024\/08\/firm_beneficios.jpg\" alt=\"Beneficios del colch\u00f3n Firm, resaltando su firmeza y durabilidad para un mejor descanso.\" width=\"1393\" height=\"474\" srcset=\"https:\/\/colchonesselther.com\/cr\/wp-content\/uploads\/2024\/08\/firm_beneficios.jpg 1393w, https:\/\/colchonesselther.com\/cr\/wp-content\/uploads\/2024\/08\/firm_beneficios-300x102.jpg 300w, https:\/\/colchonesselther.com\/cr\/wp-content\/uploads\/2024\/08\/firm_beneficios-1024x348.jpg 1024w, https:\/\/colchonesselther.com\/cr\/wp-content\/uploads\/2024\/08\/firm_beneficios-768x261.jpg 768w, https:\/\/colchonesselther.com\/cr\/wp-content\/uploads\/2024\/08\/firm_beneficios-600x204.jpg 600w\" sizes=\"(max-width: 1393px) 100vw, 1393px\" \/><\/p>\n","protected":false},"excerpt":{"rendered":"<p><strong>Disfrut\u00e1 un descanso firme, duradero<\/strong> y lleno de confort con este combo, dise\u00f1ado para brindarte el soporte ideal noche tras noche. <strong>Combin\u00e1 calidad, resistencia y dise\u00f1o<\/strong> en un solo kit que transforma tu espacio y eleva tu forma de descansar desde el primer d\u00eda.<\/p>\n","protected":false},"featured_media":3353,"comment_status":"closed","ping_status":"closed","template":"","meta":[],"product_brand":[],"product_cat":[29,38,21],"product_tag":[28],"class_list":{"0":"post-3333","1":"product","2":"type-product","3":"status-publish","4":"has-post-thumbnail","6":"product_cat-accesorios","7":"product_cat-cabeceras-y-combos","8":"product_cat-colchones","9":"product_tag-firme","11":"first","12":"instock","13":"sale","14":"shipping-taxable","15":"purchasable","16":"product-type-variable","17":"has-default-attributes"},"yoast_head":"<!-- This site is optimized with the Yoast SEO plugin v26.8 - https:\/\/yoast.com\/product\/yoast-seo-wordpress\/ -->\n<title>Combo: Kit Element + Colch\u00f3n Firm - Colchones Selther<\/title>\n<meta name=\"robots\" content=\"index, follow, max-snippet:-1, max-image-preview:large, max-video-preview:-1\" \/>\n<link rel=\"canonical\" href=\"https:\/\/colchonesselther.com\/cr\/producto\/combo-kit-element-colchon-firm\/\" \/>\n<meta property=\"og:locale\" content=\"es_ES\" \/>\n<meta property=\"og:type\" content=\"article\" \/>\n<meta property=\"og:title\" content=\"Combo: Kit Element + Colch\u00f3n Firm - Colchones Selther\" \/>\n<meta property=\"og:description\" content=\"Disfrut\u00e1 un descanso firme, duradero y lleno de confort con este combo, dise\u00f1ado para brindarte el soporte ideal noche tras noche. Combin\u00e1 calidad, resistencia y dise\u00f1o en un solo kit que transforma tu espacio y eleva tu forma de descansar desde el primer d\u00eda.\" \/>\n<meta property=\"og:url\" content=\"https:\/\/colchonesselther.com\/cr\/producto\/combo-kit-element-colchon-firm\/\" \/>\n<meta property=\"og:site_name\" content=\"Colchones Selther\" \/>\n<meta property=\"og:image\" content=\"https:\/\/colchonesselther.com\/cr\/wp-content\/uploads\/2026\/04\/selther-combo-kit-beige-firm.jpg\" \/>\n\t<meta property=\"og:image:width\" content=\"1200\" \/>\n\t<meta property=\"og:image:height\" content=\"1200\" \/>\n\t<meta property=\"og:image:type\" content=\"image\/jpeg\" \/>\n<meta name=\"twitter:card\" content=\"summary_large_image\" \/>\n<meta name=\"twitter:label1\" content=\"Est. reading time\" \/>\n\t<meta name=\"twitter:data1\" content=\"1 minuto\" \/>\n<script type=\"application\/ld+json\" class=\"yoast-schema-graph\">{\"@context\":\"https:\/\/schema.org\",\"@graph\":[{\"@type\":\"WebPage\",\"@id\":\"https:\/\/colchonesselther.com\/cr\/producto\/combo-kit-element-colchon-firm\/\",\"url\":\"https:\/\/colchonesselther.com\/cr\/producto\/combo-kit-element-colchon-firm\/\",\"name\":\"Combo: Kit Element + Colch\u00f3n Firm - Colchones Selther\",\"isPartOf\":{\"@id\":\"https:\/\/colchonesselther.com\/cr\/#website\"},\"primaryImageOfPage\":{\"@id\":\"https:\/\/colchonesselther.com\/cr\/producto\/combo-kit-element-colchon-firm\/#primaryimage\"},\"image\":{\"@id\":\"https:\/\/colchonesselther.com\/cr\/producto\/combo-kit-element-colchon-firm\/#primaryimage\"},\"thumbnailUrl\":\"https:\/\/colchonesselther.com\/cr\/wp-content\/uploads\/2026\/04\/selther-combo-kit-beige-firm.jpg\",\"datePublished\":\"2026-04-16T19:01:33+00:00\",\"breadcrumb\":{\"@id\":\"https:\/\/colchonesselther.com\/cr\/producto\/combo-kit-element-colchon-firm\/#breadcrumb\"},\"inLanguage\":\"es-CR\",\"potentialAction\":[{\"@type\":\"ReadAction\",\"target\":[\"https:\/\/colchonesselther.com\/cr\/producto\/combo-kit-element-colchon-firm\/\"]}]},{\"@type\":\"ImageObject\",\"inLanguage\":\"es-CR\",\"@id\":\"https:\/\/colchonesselther.com\/cr\/producto\/combo-kit-element-colchon-firm\/#primaryimage\",\"url\":\"https:\/\/colchonesselther.com\/cr\/wp-content\/uploads\/2026\/04\/selther-combo-kit-beige-firm.jpg\",\"contentUrl\":\"https:\/\/colchonesselther.com\/cr\/wp-content\/uploads\/2026\/04\/selther-combo-kit-beige-firm.jpg\",\"width\":1200,\"height\":1200},{\"@type\":\"BreadcrumbList\",\"@id\":\"https:\/\/colchonesselther.com\/cr\/producto\/combo-kit-element-colchon-firm\/#breadcrumb\",\"itemListElement\":[{\"@type\":\"ListItem\",\"position\":1,\"name\":\"Portada\",\"item\":\"https:\/\/colchonesselther.com\/cr\/\"},{\"@type\":\"ListItem\",\"position\":2,\"name\":\"Tienda\",\"item\":\"https:\/\/colchonesselther.com\/cr\/tienda\/\"},{\"@type\":\"ListItem\",\"position\":3,\"name\":\"Combo: Kit Element + Colch\u00f3n Firm\"}]},{\"@type\":\"WebSite\",\"@id\":\"https:\/\/colchonesselther.com\/cr\/#website\",\"url\":\"https:\/\/colchonesselther.com\/cr\/\",\"name\":\"Colchones Selther\",\"description\":\"Durabilidad Europea Hecha Colch\u00f3n\",\"publisher\":{\"@id\":\"https:\/\/colchonesselther.com\/cr\/#organization\"},\"potentialAction\":[{\"@type\":\"SearchAction\",\"target\":{\"@type\":\"EntryPoint\",\"urlTemplate\":\"https:\/\/colchonesselther.com\/cr\/?s={search_term_string}\"},\"query-input\":{\"@type\":\"PropertyValueSpecification\",\"valueRequired\":true,\"valueName\":\"search_term_string\"}}],\"inLanguage\":\"es-CR\"},{\"@type\":\"Organization\",\"@id\":\"https:\/\/colchonesselther.com\/cr\/#organization\",\"name\":\"Colchones Selther\",\"url\":\"https:\/\/colchonesselther.com\/cr\/\",\"logo\":{\"@type\":\"ImageObject\",\"inLanguage\":\"es-CR\",\"@id\":\"https:\/\/colchonesselther.com\/cr\/#\/schema\/logo\/image\/\",\"url\":\"https:\/\/colchonesselther.com\/cr\/wp-content\/uploads\/2024\/07\/LOGO-SELTHER-SMALL.webp\",\"contentUrl\":\"https:\/\/colchonesselther.com\/cr\/wp-content\/uploads\/2024\/07\/LOGO-SELTHER-SMALL.webp\",\"width\":650,\"height\":189,\"caption\":\"Colchones Selther\"},\"image\":{\"@id\":\"https:\/\/colchonesselther.com\/cr\/#\/schema\/logo\/image\/\"}}]}<\/script>\n<!-- \/ Yoast SEO plugin. -->","yoast_head_json":{"title":"Combo: Kit Element + Colch\u00f3n Firm - Colchones Selther","robots":{"index":"index","follow":"follow","max-snippet":"max-snippet:-1","max-image-preview":"max-image-preview:large","max-video-preview":"max-video-preview:-1"},"canonical":"https:\/\/colchonesselther.com\/cr\/producto\/combo-kit-element-colchon-firm\/","og_locale":"es_ES","og_type":"article","og_title":"Combo: Kit Element + Colch\u00f3n Firm - Colchones Selther","og_description":"Disfrut\u00e1 un descanso firme, duradero y lleno de confort con este combo, dise\u00f1ado para brindarte el soporte ideal noche tras noche. Combin\u00e1 calidad, resistencia y dise\u00f1o en un solo kit que transforma tu espacio y eleva tu forma de descansar desde el primer d\u00eda.","og_url":"https:\/\/colchonesselther.com\/cr\/producto\/combo-kit-element-colchon-firm\/","og_site_name":"Colchones Selther","og_image":[{"width":1200,"height":1200,"url":"https:\/\/colchonesselther.com\/cr\/wp-content\/uploads\/2026\/04\/selther-combo-kit-beige-firm.jpg","type":"image\/jpeg"}],"twitter_card":"summary_large_image","twitter_misc":{"Est. reading time":"1 minuto"},"schema":{"@context":"https:\/\/schema.org","@graph":[{"@type":"WebPage","@id":"https:\/\/colchonesselther.com\/cr\/producto\/combo-kit-element-colchon-firm\/","url":"https:\/\/colchonesselther.com\/cr\/producto\/combo-kit-element-colchon-firm\/","name":"Combo: Kit Element + Colch\u00f3n Firm - Colchones Selther","isPartOf":{"@id":"https:\/\/colchonesselther.com\/cr\/#website"},"primaryImageOfPage":{"@id":"https:\/\/colchonesselther.com\/cr\/producto\/combo-kit-element-colchon-firm\/#primaryimage"},"image":{"@id":"https:\/\/colchonesselther.com\/cr\/producto\/combo-kit-element-colchon-firm\/#primaryimage"},"thumbnailUrl":"https:\/\/colchonesselther.com\/cr\/wp-content\/uploads\/2026\/04\/selther-combo-kit-beige-firm.jpg","datePublished":"2026-04-16T19:01:33+00:00","breadcrumb":{"@id":"https:\/\/colchonesselther.com\/cr\/producto\/combo-kit-element-colchon-firm\/#breadcrumb"},"inLanguage":"es-CR","potentialAction":[{"@type":"ReadAction","target":["https:\/\/colchonesselther.com\/cr\/producto\/combo-kit-element-colchon-firm\/"]}]},{"@type":"ImageObject","inLanguage":"es-CR","@id":"https:\/\/colchonesselther.com\/cr\/producto\/combo-kit-element-colchon-firm\/#primaryimage","url":"https:\/\/colchonesselther.com\/cr\/wp-content\/uploads\/2026\/04\/selther-combo-kit-beige-firm.jpg","contentUrl":"https:\/\/colchonesselther.com\/cr\/wp-content\/uploads\/2026\/04\/selther-combo-kit-beige-firm.jpg","width":1200,"height":1200},{"@type":"BreadcrumbList","@id":"https:\/\/colchonesselther.com\/cr\/producto\/combo-kit-element-colchon-firm\/#breadcrumb","itemListElement":[{"@type":"ListItem","position":1,"name":"Portada","item":"https:\/\/colchonesselther.com\/cr\/"},{"@type":"ListItem","position":2,"name":"Tienda","item":"https:\/\/colchonesselther.com\/cr\/tienda\/"},{"@type":"ListItem","position":3,"name":"Combo: Kit Element + Colch\u00f3n Firm"}]},{"@type":"WebSite","@id":"https:\/\/colchonesselther.com\/cr\/#website","url":"https:\/\/colchonesselther.com\/cr\/","name":"Colchones Selther","description":"Durabilidad Europea Hecha Colch\u00f3n","publisher":{"@id":"https:\/\/colchonesselther.com\/cr\/#organization"},"potentialAction":[{"@type":"SearchAction","target":{"@type":"EntryPoint","urlTemplate":"https:\/\/colchonesselther.com\/cr\/?s={search_term_string}"},"query-input":{"@type":"PropertyValueSpecification","valueRequired":true,"valueName":"search_term_string"}}],"inLanguage":"es-CR"},{"@type":"Organization","@id":"https:\/\/colchonesselther.com\/cr\/#organization","name":"Colchones Selther","url":"https:\/\/colchonesselther.com\/cr\/","logo":{"@type":"ImageObject","inLanguage":"es-CR","@id":"https:\/\/colchonesselther.com\/cr\/#\/schema\/logo\/image\/","url":"https:\/\/colchonesselther.com\/cr\/wp-content\/uploads\/2024\/07\/LOGO-SELTHER-SMALL.webp","contentUrl":"https:\/\/colchonesselther.com\/cr\/wp-content\/uploads\/2024\/07\/LOGO-SELTHER-SMALL.webp","width":650,"height":189,"caption":"Colchones Selther"},"image":{"@id":"https:\/\/colchonesselther.com\/cr\/#\/schema\/logo\/image\/"}}]}},"_links":{"self":[{"href":"https:\/\/colchonesselther.com\/cr\/wp-json\/wp\/v2\/product\/3333","targetHints":{"allow":["GET"]}}],"collection":[{"href":"https:\/\/colchonesselther.com\/cr\/wp-json\/wp\/v2\/product"}],"about":[{"href":"https:\/\/colchonesselther.com\/cr\/wp-json\/wp\/v2\/types\/product"}],"replies":[{"embeddable":true,"href":"https:\/\/colchonesselther.com\/cr\/wp-json\/wp\/v2\/comments?post=3333"}],"wp:featuredmedia":[{"embeddable":true,"href":"https:\/\/colchonesselther.com\/cr\/wp-json\/wp\/v2\/media\/3353"}],"wp:attachment":[{"href":"https:\/\/colchonesselther.com\/cr\/wp-json\/wp\/v2\/media?parent=3333"}],"wp:term":[{"taxonomy":"product_brand","embeddable":true,"href":"https:\/\/colchonesselther.com\/cr\/wp-json\/wp\/v2\/product_brand?post=3333"},{"taxonomy":"product_cat","embeddable":true,"href":"https:\/\/colchonesselther.com\/cr\/wp-json\/wp\/v2\/product_cat?post=3333"},{"taxonomy":"product_tag","embeddable":true,"href":"https:\/\/colchonesselther.com\/cr\/wp-json\/wp\/v2\/product_tag?post=3333"}],"curies":[{"name":"wp","href":"https:\/\/api.w.org\/{rel}","templated":true}]}}