{"id":421,"date":"2024-08-27T12:46:39","date_gmt":"2024-08-27T18:46:39","guid":{"rendered":"https:\/\/colchonesselther.com\/cr\/?post_type=product&#038;p=421"},"modified":"2026-02-04T12:11:44","modified_gmt":"2026-02-04T18:11:44","slug":"protector","status":"publish","type":"product","link":"https:\/\/colchonesselther.com\/cr\/producto\/protector\/","title":{"rendered":"Protector"},"content":{"rendered":"<p style=\"text-align: center\">ACCESORIOS<\/p>\n<h2 style=\"text-align: center\"><strong>REPELE L\u00cdQUIDOS<\/strong><\/h2>\n<p>Protege tu colch\u00f3n de cualquier derrame accidental.<\/p>\n<p style=\"text-align: center\"><img fetchpriority=\"high\" decoding=\"async\" class=\"alignnone wp-image-396\" src=\"https:\/\/colchonesselther.com\/cr\/wp-content\/uploads\/2024\/08\/protector2.jpg\" alt=\" Protector de colch\u00f3n blanco con textura acolchada.\" width=\"750\" height=\"204\" \/><\/p>\n<p style=\"text-align: center\"><img fetchpriority=\"high\" decoding=\"async\" class=\"alignnone wp-image-396\" src=\"https:\/\/colchonesselther.com\/cr\/wp-content\/uploads\/2024\/08\/protector2.jpg\" alt=\" Protector de colch\u00f3n blanco con textura acolchada.\" width=\"750\" height=\"204\" \/><\/p>\n<p style=\"text-align: center\">ACCESORIOS<\/p>\n<h2 style=\"text-align: center\"><strong>100% POLI\u00c9STER<\/strong><\/h2>\n<p>Tela 100% poli\u00e9ster perfecta para proteger tu colch\u00f3n y prolongar su durabilidad. Materiales hipoalerg\u00e9nicos para un perfecto descanso.<\/p>\n","protected":false},"excerpt":{"rendered":"<p>&nbsp;<\/p>\n<p>Cuida tu colch\u00f3n para prolongar su vida \u00fatil, al utilizar tu Protector de colch\u00f3n te da la tranquilidad de cuidar de cualquier derrame accidental\u00a0 tu sistema de descanso.<\/p>\n","protected":false},"featured_media":1374,"comment_status":"open","ping_status":"closed","template":"","meta":[],"product_brand":[],"product_cat":[29,34],"product_tag":[],"class_list":{"0":"post-421","1":"product","2":"type-product","3":"status-publish","4":"has-post-thumbnail","6":"product_cat-accesorios","7":"product_cat-protectores","9":"first","10":"instock","11":"sale","12":"shipping-taxable","13":"purchasable","14":"product-type-variable","15":"has-default-attributes"},"yoast_head":"<!-- This site is optimized with the Yoast SEO plugin v26.8 - https:\/\/yoast.com\/product\/yoast-seo-wordpress\/ -->\n<title>Protector para Colchones - Colchones Selther<\/title>\n<meta name=\"description\" content=\"Cuida tu colch\u00f3n para prolongar su vida \u00fatil, Con el Protector de colch\u00f3n Selther. Calidad y durabilidad para cuidar tu inversi\u00f3n. \u00a1Conoce m\u00e1s!\" \/>\n<meta name=\"robots\" content=\"index, follow, max-snippet:-1, max-image-preview:large, max-video-preview:-1\" \/>\n<link rel=\"canonical\" href=\"https:\/\/colchonesselther.com\/cr\/producto\/protector\/\" \/>\n<meta property=\"og:locale\" content=\"es_ES\" \/>\n<meta property=\"og:type\" content=\"article\" \/>\n<meta property=\"og:title\" content=\"Protector para Colchones - Colchones Selther\" \/>\n<meta property=\"og:description\" content=\"Cuida tu colch\u00f3n para prolongar su vida \u00fatil, Con el Protector de colch\u00f3n Selther. Calidad y durabilidad para cuidar tu inversi\u00f3n. \u00a1Conoce m\u00e1s!\" \/>\n<meta property=\"og:url\" content=\"https:\/\/colchonesselther.com\/cr\/producto\/protector\/\" \/>\n<meta property=\"og:site_name\" content=\"Colchones Selther\" \/>\n<meta property=\"article:modified_time\" content=\"2026-02-04T18:11:44+00:00\" \/>\n<meta property=\"og:image\" content=\"https:\/\/colchonesselther.com\/cr\/wp-content\/uploads\/2024\/08\/protector.jpg\" \/>\n\t<meta property=\"og:image:width\" content=\"1200\" \/>\n\t<meta property=\"og:image:height\" content=\"1200\" \/>\n\t<meta property=\"og:image:type\" content=\"image\/jpeg\" \/>\n<meta name=\"twitter:card\" content=\"summary_large_image\" \/>\n<meta name=\"twitter:label1\" content=\"Est. reading time\" \/>\n\t<meta name=\"twitter:data1\" content=\"1 minuto\" \/>\n<script type=\"application\/ld+json\" class=\"yoast-schema-graph\">{\"@context\":\"https:\/\/schema.org\",\"@graph\":[{\"@type\":\"WebPage\",\"@id\":\"https:\/\/colchonesselther.com\/cr\/producto\/protector\/\",\"url\":\"https:\/\/colchonesselther.com\/cr\/producto\/protector\/\",\"name\":\"Protector para Colchones - Colchones Selther\",\"isPartOf\":{\"@id\":\"https:\/\/colchonesselther.com\/cr\/#website\"},\"primaryImageOfPage\":{\"@id\":\"https:\/\/colchonesselther.com\/cr\/producto\/protector\/#primaryimage\"},\"image\":{\"@id\":\"https:\/\/colchonesselther.com\/cr\/producto\/protector\/#primaryimage\"},\"thumbnailUrl\":\"https:\/\/colchonesselther.com\/cr\/wp-content\/uploads\/2024\/08\/protector.jpg\",\"datePublished\":\"2024-08-27T18:46:39+00:00\",\"dateModified\":\"2026-02-04T18:11:44+00:00\",\"description\":\"Cuida tu colch\u00f3n para prolongar su vida \u00fatil, Con el Protector de colch\u00f3n Selther. Calidad y durabilidad para cuidar tu inversi\u00f3n. \u00a1Conoce m\u00e1s!\",\"breadcrumb\":{\"@id\":\"https:\/\/colchonesselther.com\/cr\/producto\/protector\/#breadcrumb\"},\"inLanguage\":\"es-CR\",\"potentialAction\":[{\"@type\":\"ReadAction\",\"target\":[\"https:\/\/colchonesselther.com\/cr\/producto\/protector\/\"]}]},{\"@type\":\"ImageObject\",\"inLanguage\":\"es-CR\",\"@id\":\"https:\/\/colchonesselther.com\/cr\/producto\/protector\/#primaryimage\",\"url\":\"https:\/\/colchonesselther.com\/cr\/wp-content\/uploads\/2024\/08\/protector.jpg\",\"contentUrl\":\"https:\/\/colchonesselther.com\/cr\/wp-content\/uploads\/2024\/08\/protector.jpg\",\"width\":1200,\"height\":1200,\"caption\":\"Foto protector de colch\u00f3n . Selther\"},{\"@type\":\"BreadcrumbList\",\"@id\":\"https:\/\/colchonesselther.com\/cr\/producto\/protector\/#breadcrumb\",\"itemListElement\":[{\"@type\":\"ListItem\",\"position\":1,\"name\":\"Portada\",\"item\":\"https:\/\/colchonesselther.com\/cr\/\"},{\"@type\":\"ListItem\",\"position\":2,\"name\":\"Tienda\",\"item\":\"https:\/\/colchonesselther.com\/cr\/tienda\/\"},{\"@type\":\"ListItem\",\"position\":3,\"name\":\"Protector\"}]},{\"@type\":\"WebSite\",\"@id\":\"https:\/\/colchonesselther.com\/cr\/#website\",\"url\":\"https:\/\/colchonesselther.com\/cr\/\",\"name\":\"Colchones Selther\",\"description\":\"Durabilidad Europea Hecha Colch\u00f3n\",\"publisher\":{\"@id\":\"https:\/\/colchonesselther.com\/cr\/#organization\"},\"potentialAction\":[{\"@type\":\"SearchAction\",\"target\":{\"@type\":\"EntryPoint\",\"urlTemplate\":\"https:\/\/colchonesselther.com\/cr\/?s={search_term_string}\"},\"query-input\":{\"@type\":\"PropertyValueSpecification\",\"valueRequired\":true,\"valueName\":\"search_term_string\"}}],\"inLanguage\":\"es-CR\"},{\"@type\":\"Organization\",\"@id\":\"https:\/\/colchonesselther.com\/cr\/#organization\",\"name\":\"Colchones Selther\",\"url\":\"https:\/\/colchonesselther.com\/cr\/\",\"logo\":{\"@type\":\"ImageObject\",\"inLanguage\":\"es-CR\",\"@id\":\"https:\/\/colchonesselther.com\/cr\/#\/schema\/logo\/image\/\",\"url\":\"https:\/\/colchonesselther.com\/cr\/wp-content\/uploads\/2024\/07\/LOGO-SELTHER-SMALL.webp\",\"contentUrl\":\"https:\/\/colchonesselther.com\/cr\/wp-content\/uploads\/2024\/07\/LOGO-SELTHER-SMALL.webp\",\"width\":650,\"height\":189,\"caption\":\"Colchones Selther\"},\"image\":{\"@id\":\"https:\/\/colchonesselther.com\/cr\/#\/schema\/logo\/image\/\"}}]}<\/script>\n<!-- \/ Yoast SEO plugin. -->","yoast_head_json":{"title":"Protector para Colchones - Colchones Selther","description":"Cuida tu colch\u00f3n para prolongar su vida \u00fatil, Con el Protector de colch\u00f3n Selther. Calidad y durabilidad para cuidar tu inversi\u00f3n. \u00a1Conoce m\u00e1s!","robots":{"index":"index","follow":"follow","max-snippet":"max-snippet:-1","max-image-preview":"max-image-preview:large","max-video-preview":"max-video-preview:-1"},"canonical":"https:\/\/colchonesselther.com\/cr\/producto\/protector\/","og_locale":"es_ES","og_type":"article","og_title":"Protector para Colchones - Colchones Selther","og_description":"Cuida tu colch\u00f3n para prolongar su vida \u00fatil, Con el Protector de colch\u00f3n Selther. Calidad y durabilidad para cuidar tu inversi\u00f3n. \u00a1Conoce m\u00e1s!","og_url":"https:\/\/colchonesselther.com\/cr\/producto\/protector\/","og_site_name":"Colchones Selther","article_modified_time":"2026-02-04T18:11:44+00:00","og_image":[{"width":1200,"height":1200,"url":"https:\/\/colchonesselther.com\/cr\/wp-content\/uploads\/2024\/08\/protector.jpg","type":"image\/jpeg"}],"twitter_card":"summary_large_image","twitter_misc":{"Est. reading time":"1 minuto"},"schema":{"@context":"https:\/\/schema.org","@graph":[{"@type":"WebPage","@id":"https:\/\/colchonesselther.com\/cr\/producto\/protector\/","url":"https:\/\/colchonesselther.com\/cr\/producto\/protector\/","name":"Protector para Colchones - Colchones Selther","isPartOf":{"@id":"https:\/\/colchonesselther.com\/cr\/#website"},"primaryImageOfPage":{"@id":"https:\/\/colchonesselther.com\/cr\/producto\/protector\/#primaryimage"},"image":{"@id":"https:\/\/colchonesselther.com\/cr\/producto\/protector\/#primaryimage"},"thumbnailUrl":"https:\/\/colchonesselther.com\/cr\/wp-content\/uploads\/2024\/08\/protector.jpg","datePublished":"2024-08-27T18:46:39+00:00","dateModified":"2026-02-04T18:11:44+00:00","description":"Cuida tu colch\u00f3n para prolongar su vida \u00fatil, Con el Protector de colch\u00f3n Selther. Calidad y durabilidad para cuidar tu inversi\u00f3n. \u00a1Conoce m\u00e1s!","breadcrumb":{"@id":"https:\/\/colchonesselther.com\/cr\/producto\/protector\/#breadcrumb"},"inLanguage":"es-CR","potentialAction":[{"@type":"ReadAction","target":["https:\/\/colchonesselther.com\/cr\/producto\/protector\/"]}]},{"@type":"ImageObject","inLanguage":"es-CR","@id":"https:\/\/colchonesselther.com\/cr\/producto\/protector\/#primaryimage","url":"https:\/\/colchonesselther.com\/cr\/wp-content\/uploads\/2024\/08\/protector.jpg","contentUrl":"https:\/\/colchonesselther.com\/cr\/wp-content\/uploads\/2024\/08\/protector.jpg","width":1200,"height":1200,"caption":"Foto protector de colch\u00f3n . Selther"},{"@type":"BreadcrumbList","@id":"https:\/\/colchonesselther.com\/cr\/producto\/protector\/#breadcrumb","itemListElement":[{"@type":"ListItem","position":1,"name":"Portada","item":"https:\/\/colchonesselther.com\/cr\/"},{"@type":"ListItem","position":2,"name":"Tienda","item":"https:\/\/colchonesselther.com\/cr\/tienda\/"},{"@type":"ListItem","position":3,"name":"Protector"}]},{"@type":"WebSite","@id":"https:\/\/colchonesselther.com\/cr\/#website","url":"https:\/\/colchonesselther.com\/cr\/","name":"Colchones Selther","description":"Durabilidad Europea Hecha Colch\u00f3n","publisher":{"@id":"https:\/\/colchonesselther.com\/cr\/#organization"},"potentialAction":[{"@type":"SearchAction","target":{"@type":"EntryPoint","urlTemplate":"https:\/\/colchonesselther.com\/cr\/?s={search_term_string}"},"query-input":{"@type":"PropertyValueSpecification","valueRequired":true,"valueName":"search_term_string"}}],"inLanguage":"es-CR"},{"@type":"Organization","@id":"https:\/\/colchonesselther.com\/cr\/#organization","name":"Colchones Selther","url":"https:\/\/colchonesselther.com\/cr\/","logo":{"@type":"ImageObject","inLanguage":"es-CR","@id":"https:\/\/colchonesselther.com\/cr\/#\/schema\/logo\/image\/","url":"https:\/\/colchonesselther.com\/cr\/wp-content\/uploads\/2024\/07\/LOGO-SELTHER-SMALL.webp","contentUrl":"https:\/\/colchonesselther.com\/cr\/wp-content\/uploads\/2024\/07\/LOGO-SELTHER-SMALL.webp","width":650,"height":189,"caption":"Colchones Selther"},"image":{"@id":"https:\/\/colchonesselther.com\/cr\/#\/schema\/logo\/image\/"}}]}},"_links":{"self":[{"href":"https:\/\/colchonesselther.com\/cr\/wp-json\/wp\/v2\/product\/421","targetHints":{"allow":["GET"]}}],"collection":[{"href":"https:\/\/colchonesselther.com\/cr\/wp-json\/wp\/v2\/product"}],"about":[{"href":"https:\/\/colchonesselther.com\/cr\/wp-json\/wp\/v2\/types\/product"}],"replies":[{"embeddable":true,"href":"https:\/\/colchonesselther.com\/cr\/wp-json\/wp\/v2\/comments?post=421"}],"wp:featuredmedia":[{"embeddable":true,"href":"https:\/\/colchonesselther.com\/cr\/wp-json\/wp\/v2\/media\/1374"}],"wp:attachment":[{"href":"https:\/\/colchonesselther.com\/cr\/wp-json\/wp\/v2\/media?parent=421"}],"wp:term":[{"taxonomy":"product_brand","embeddable":true,"href":"https:\/\/colchonesselther.com\/cr\/wp-json\/wp\/v2\/product_brand?post=421"},{"taxonomy":"product_cat","embeddable":true,"href":"https:\/\/colchonesselther.com\/cr\/wp-json\/wp\/v2\/product_cat?post=421"},{"taxonomy":"product_tag","embeddable":true,"href":"https:\/\/colchonesselther.com\/cr\/wp-json\/wp\/v2\/product_tag?post=421"}],"curies":[{"name":"wp","href":"https:\/\/api.w.org\/{rel}","templated":true}]}}