{"id":566,"date":"2024-08-28T09:09:05","date_gmt":"2024-08-28T15:09:05","guid":{"rendered":"https:\/\/colchonesselther.com\/cr\/?post_type=product&#038;p=566"},"modified":"2026-03-04T15:20:30","modified_gmt":"2026-03-04T21:20:30","slug":"base","status":"publish","type":"product","link":"https:\/\/colchonesselther.com\/cr\/producto\/base\/","title":{"rendered":"Base"},"content":{"rendered":"<p>&nbsp;<\/p>\n<div style=\"grid-template-columns: 1fr 2fr;grid-template-rows: 1fr;grid-column-gap: 10px;grid-row-gap: 10px\">\n<div>\n<p style=\"text-align: center\">BASE<\/p>\n<h2 style=\"text-align: center\"><strong>DURABILIDAD<\/strong><\/h2>\n<p>Las bases de cama est\u00e1n dise\u00f1adas para proporcionar un soporte robusto y estable, extendiendo la vida \u00fatil de tu colch\u00f3n al evitar deformaciones. Su estructura s\u00f3lida est\u00e1 fabricada con materiales de alta calidad que resisten el uso diario y garantizan una inversi\u00f3n a largo plazo.<\/p>\n<\/div>\n<div><img fetchpriority=\"high\" decoding=\"async\" class=\"aligncenter wp-image-2341\" src=\"https:\/\/colchonesselther.com\/cr\/wp-content\/uploads\/2024\/08\/base_detalleproducto1.jpg\" alt=\"Detalle de la base de un colch\u00f3n con materiales resistentes y dise\u00f1o funcional.\" width=\"810\" height=\"220\" srcset=\"https:\/\/colchonesselther.com\/cr\/wp-content\/uploads\/2024\/08\/base_detalleproducto1.jpg 1500w, https:\/\/colchonesselther.com\/cr\/wp-content\/uploads\/2024\/08\/base_detalleproducto1-300x82.jpg 300w, https:\/\/colchonesselther.com\/cr\/wp-content\/uploads\/2024\/08\/base_detalleproducto1-1024x279.jpg 1024w, https:\/\/colchonesselther.com\/cr\/wp-content\/uploads\/2024\/08\/base_detalleproducto1-768x209.jpg 768w, https:\/\/colchonesselther.com\/cr\/wp-content\/uploads\/2024\/08\/base_detalleproducto1-600x163.jpg 600w\" sizes=\"(max-width: 810px) 100vw, 810px\" \/><\/div>\n<div><\/div>\n<\/div>\n<div>\n<p>&nbsp;<\/p>\n<p style=\"text-align: center\">BASE<\/p>\n<h2 style=\"text-align: center\"><strong>ESTILO<\/strong><\/h2>\n<p>Combina funcionalidad y estilo, convirti\u00e9ndolas en una pieza clave para tu dormitorio. Ofrecen acabados de alta calidad que se adaptan a cualquier decoraci\u00f3n, a\u00f1adiendo un toque de sofisticaci\u00f3n y personalidad al espacio.<\/p>\n<\/div>\n<div style=\"grid-template-columns: 2fr 1fr;grid-template-rows: 1fr;grid-column-gap: 10px;grid-row-gap: 10px\">\n<div>\n<p><img decoding=\"async\" class=\"aligncenter wp-image-2342\" src=\"https:\/\/colchonesselther.com\/cr\/wp-content\/uploads\/2024\/08\/base_detalleproducto2.jpg\" alt=\"base_detalleproducto2.jpg \u2013 Vista cercana de la base del colch\u00f3n, destacando su estabilidad y durabilidad.\" width=\"810\" height=\"220\" srcset=\"https:\/\/colchonesselther.com\/cr\/wp-content\/uploads\/2024\/08\/base_detalleproducto2.jpg 1500w, https:\/\/colchonesselther.com\/cr\/wp-content\/uploads\/2024\/08\/base_detalleproducto2-300x82.jpg 300w, https:\/\/colchonesselther.com\/cr\/wp-content\/uploads\/2024\/08\/base_detalleproducto2-1024x279.jpg 1024w, https:\/\/colchonesselther.com\/cr\/wp-content\/uploads\/2024\/08\/base_detalleproducto2-768x209.jpg 768w, https:\/\/colchonesselther.com\/cr\/wp-content\/uploads\/2024\/08\/base_detalleproducto2-600x163.jpg 600w\" sizes=\"(max-width: 810px) 100vw, 810px\" \/><\/p>\n<\/div>\n<\/div>\n","protected":false},"excerpt":{"rendered":"<p>La base incluye patas ajustables que permiten personalizar la altura de la cama seg\u00fan tus necesidades, brindando mayor comodidad, f\u00e1cil acceso y una estabilidad \u00f3ptima.<\/p>\n","protected":false},"featured_media":2343,"comment_status":"open","ping_status":"closed","template":"","meta":[],"product_brand":[],"product_cat":[21],"product_tag":[28],"class_list":{"0":"post-566","1":"product","2":"type-product","3":"status-publish","4":"has-post-thumbnail","6":"product_cat-colchones","7":"product_tag-firme","9":"first","10":"instock","11":"sale","12":"shipping-taxable","13":"purchasable","14":"product-type-variable","15":"has-default-attributes"},"yoast_head":"<!-- This site is optimized with the Yoast SEO plugin v26.8 - https:\/\/yoast.com\/product\/yoast-seo-wordpress\/ -->\n<title>Base para colch\u00f3n - Colchones Selther<\/title>\n<meta name=\"description\" content=\"Dise\u00f1adas para dar soporte robusto y estable, extendiendo la vida \u00fatil de tu colch\u00f3n al evitar deformaciones. S\u00f3lida, de materiales de alta calidad\" \/>\n<meta name=\"robots\" content=\"index, follow, max-snippet:-1, max-image-preview:large, max-video-preview:-1\" \/>\n<link rel=\"canonical\" href=\"https:\/\/colchonesselther.com\/cr\/producto\/base\/\" \/>\n<meta property=\"og:locale\" content=\"es_ES\" \/>\n<meta property=\"og:type\" content=\"article\" \/>\n<meta property=\"og:title\" content=\"Base para colch\u00f3n - Colchones Selther\" \/>\n<meta property=\"og:description\" content=\"Dise\u00f1adas para dar soporte robusto y estable, extendiendo la vida \u00fatil de tu colch\u00f3n al evitar deformaciones. S\u00f3lida, de materiales de alta calidad\" \/>\n<meta property=\"og:url\" content=\"https:\/\/colchonesselther.com\/cr\/producto\/base\/\" \/>\n<meta property=\"og:site_name\" content=\"Colchones Selther\" \/>\n<meta property=\"article:modified_time\" content=\"2026-03-04T21:20:30+00:00\" \/>\n<meta property=\"og:image\" content=\"https:\/\/colchonesselther.com\/cr\/wp-content\/uploads\/2024\/08\/base_selther.jpg\" \/>\n\t<meta property=\"og:image:width\" content=\"1050\" \/>\n\t<meta property=\"og:image:height\" content=\"1050\" \/>\n\t<meta property=\"og:image:type\" content=\"image\/jpeg\" \/>\n<meta name=\"twitter:card\" content=\"summary_large_image\" \/>\n<meta name=\"twitter:label1\" content=\"Est. reading time\" \/>\n\t<meta name=\"twitter:data1\" content=\"1 minuto\" \/>\n<script type=\"application\/ld+json\" class=\"yoast-schema-graph\">{\"@context\":\"https:\/\/schema.org\",\"@graph\":[{\"@type\":\"WebPage\",\"@id\":\"https:\/\/colchonesselther.com\/cr\/producto\/base\/\",\"url\":\"https:\/\/colchonesselther.com\/cr\/producto\/base\/\",\"name\":\"Base para colch\u00f3n - Colchones Selther\",\"isPartOf\":{\"@id\":\"https:\/\/colchonesselther.com\/cr\/#website\"},\"primaryImageOfPage\":{\"@id\":\"https:\/\/colchonesselther.com\/cr\/producto\/base\/#primaryimage\"},\"image\":{\"@id\":\"https:\/\/colchonesselther.com\/cr\/producto\/base\/#primaryimage\"},\"thumbnailUrl\":\"https:\/\/colchonesselther.com\/cr\/wp-content\/uploads\/2024\/08\/base_selther.jpg\",\"datePublished\":\"2024-08-28T15:09:05+00:00\",\"dateModified\":\"2026-03-04T21:20:30+00:00\",\"description\":\"Dise\u00f1adas para dar soporte robusto y estable, extendiendo la vida \u00fatil de tu colch\u00f3n al evitar deformaciones. S\u00f3lida, de materiales de alta calidad\",\"breadcrumb\":{\"@id\":\"https:\/\/colchonesselther.com\/cr\/producto\/base\/#breadcrumb\"},\"inLanguage\":\"es-CR\",\"potentialAction\":[{\"@type\":\"ReadAction\",\"target\":[\"https:\/\/colchonesselther.com\/cr\/producto\/base\/\"]}]},{\"@type\":\"ImageObject\",\"inLanguage\":\"es-CR\",\"@id\":\"https:\/\/colchonesselther.com\/cr\/producto\/base\/#primaryimage\",\"url\":\"https:\/\/colchonesselther.com\/cr\/wp-content\/uploads\/2024\/08\/base_selther.jpg\",\"contentUrl\":\"https:\/\/colchonesselther.com\/cr\/wp-content\/uploads\/2024\/08\/base_selther.jpg\",\"width\":1050,\"height\":1050,\"caption\":\"Base de Cama colchones Selther\"},{\"@type\":\"BreadcrumbList\",\"@id\":\"https:\/\/colchonesselther.com\/cr\/producto\/base\/#breadcrumb\",\"itemListElement\":[{\"@type\":\"ListItem\",\"position\":1,\"name\":\"Portada\",\"item\":\"https:\/\/colchonesselther.com\/cr\/\"},{\"@type\":\"ListItem\",\"position\":2,\"name\":\"Tienda\",\"item\":\"https:\/\/colchonesselther.com\/cr\/tienda\/\"},{\"@type\":\"ListItem\",\"position\":3,\"name\":\"Base\"}]},{\"@type\":\"WebSite\",\"@id\":\"https:\/\/colchonesselther.com\/cr\/#website\",\"url\":\"https:\/\/colchonesselther.com\/cr\/\",\"name\":\"Colchones Selther\",\"description\":\"Durabilidad Europea Hecha Colch\u00f3n\",\"publisher\":{\"@id\":\"https:\/\/colchonesselther.com\/cr\/#organization\"},\"potentialAction\":[{\"@type\":\"SearchAction\",\"target\":{\"@type\":\"EntryPoint\",\"urlTemplate\":\"https:\/\/colchonesselther.com\/cr\/?s={search_term_string}\"},\"query-input\":{\"@type\":\"PropertyValueSpecification\",\"valueRequired\":true,\"valueName\":\"search_term_string\"}}],\"inLanguage\":\"es-CR\"},{\"@type\":\"Organization\",\"@id\":\"https:\/\/colchonesselther.com\/cr\/#organization\",\"name\":\"Colchones Selther\",\"url\":\"https:\/\/colchonesselther.com\/cr\/\",\"logo\":{\"@type\":\"ImageObject\",\"inLanguage\":\"es-CR\",\"@id\":\"https:\/\/colchonesselther.com\/cr\/#\/schema\/logo\/image\/\",\"url\":\"https:\/\/colchonesselther.com\/cr\/wp-content\/uploads\/2024\/07\/LOGO-SELTHER-SMALL.webp\",\"contentUrl\":\"https:\/\/colchonesselther.com\/cr\/wp-content\/uploads\/2024\/07\/LOGO-SELTHER-SMALL.webp\",\"width\":650,\"height\":189,\"caption\":\"Colchones Selther\"},\"image\":{\"@id\":\"https:\/\/colchonesselther.com\/cr\/#\/schema\/logo\/image\/\"}}]}<\/script>\n<!-- \/ Yoast SEO plugin. -->","yoast_head_json":{"title":"Base para colch\u00f3n - Colchones Selther","description":"Dise\u00f1adas para dar soporte robusto y estable, extendiendo la vida \u00fatil de tu colch\u00f3n al evitar deformaciones. S\u00f3lida, de materiales de alta calidad","robots":{"index":"index","follow":"follow","max-snippet":"max-snippet:-1","max-image-preview":"max-image-preview:large","max-video-preview":"max-video-preview:-1"},"canonical":"https:\/\/colchonesselther.com\/cr\/producto\/base\/","og_locale":"es_ES","og_type":"article","og_title":"Base para colch\u00f3n - Colchones Selther","og_description":"Dise\u00f1adas para dar soporte robusto y estable, extendiendo la vida \u00fatil de tu colch\u00f3n al evitar deformaciones. S\u00f3lida, de materiales de alta calidad","og_url":"https:\/\/colchonesselther.com\/cr\/producto\/base\/","og_site_name":"Colchones Selther","article_modified_time":"2026-03-04T21:20:30+00:00","og_image":[{"width":1050,"height":1050,"url":"https:\/\/colchonesselther.com\/cr\/wp-content\/uploads\/2024\/08\/base_selther.jpg","type":"image\/jpeg"}],"twitter_card":"summary_large_image","twitter_misc":{"Est. reading time":"1 minuto"},"schema":{"@context":"https:\/\/schema.org","@graph":[{"@type":"WebPage","@id":"https:\/\/colchonesselther.com\/cr\/producto\/base\/","url":"https:\/\/colchonesselther.com\/cr\/producto\/base\/","name":"Base para colch\u00f3n - Colchones Selther","isPartOf":{"@id":"https:\/\/colchonesselther.com\/cr\/#website"},"primaryImageOfPage":{"@id":"https:\/\/colchonesselther.com\/cr\/producto\/base\/#primaryimage"},"image":{"@id":"https:\/\/colchonesselther.com\/cr\/producto\/base\/#primaryimage"},"thumbnailUrl":"https:\/\/colchonesselther.com\/cr\/wp-content\/uploads\/2024\/08\/base_selther.jpg","datePublished":"2024-08-28T15:09:05+00:00","dateModified":"2026-03-04T21:20:30+00:00","description":"Dise\u00f1adas para dar soporte robusto y estable, extendiendo la vida \u00fatil de tu colch\u00f3n al evitar deformaciones. S\u00f3lida, de materiales de alta calidad","breadcrumb":{"@id":"https:\/\/colchonesselther.com\/cr\/producto\/base\/#breadcrumb"},"inLanguage":"es-CR","potentialAction":[{"@type":"ReadAction","target":["https:\/\/colchonesselther.com\/cr\/producto\/base\/"]}]},{"@type":"ImageObject","inLanguage":"es-CR","@id":"https:\/\/colchonesselther.com\/cr\/producto\/base\/#primaryimage","url":"https:\/\/colchonesselther.com\/cr\/wp-content\/uploads\/2024\/08\/base_selther.jpg","contentUrl":"https:\/\/colchonesselther.com\/cr\/wp-content\/uploads\/2024\/08\/base_selther.jpg","width":1050,"height":1050,"caption":"Base de Cama colchones Selther"},{"@type":"BreadcrumbList","@id":"https:\/\/colchonesselther.com\/cr\/producto\/base\/#breadcrumb","itemListElement":[{"@type":"ListItem","position":1,"name":"Portada","item":"https:\/\/colchonesselther.com\/cr\/"},{"@type":"ListItem","position":2,"name":"Tienda","item":"https:\/\/colchonesselther.com\/cr\/tienda\/"},{"@type":"ListItem","position":3,"name":"Base"}]},{"@type":"WebSite","@id":"https:\/\/colchonesselther.com\/cr\/#website","url":"https:\/\/colchonesselther.com\/cr\/","name":"Colchones Selther","description":"Durabilidad Europea Hecha Colch\u00f3n","publisher":{"@id":"https:\/\/colchonesselther.com\/cr\/#organization"},"potentialAction":[{"@type":"SearchAction","target":{"@type":"EntryPoint","urlTemplate":"https:\/\/colchonesselther.com\/cr\/?s={search_term_string}"},"query-input":{"@type":"PropertyValueSpecification","valueRequired":true,"valueName":"search_term_string"}}],"inLanguage":"es-CR"},{"@type":"Organization","@id":"https:\/\/colchonesselther.com\/cr\/#organization","name":"Colchones Selther","url":"https:\/\/colchonesselther.com\/cr\/","logo":{"@type":"ImageObject","inLanguage":"es-CR","@id":"https:\/\/colchonesselther.com\/cr\/#\/schema\/logo\/image\/","url":"https:\/\/colchonesselther.com\/cr\/wp-content\/uploads\/2024\/07\/LOGO-SELTHER-SMALL.webp","contentUrl":"https:\/\/colchonesselther.com\/cr\/wp-content\/uploads\/2024\/07\/LOGO-SELTHER-SMALL.webp","width":650,"height":189,"caption":"Colchones Selther"},"image":{"@id":"https:\/\/colchonesselther.com\/cr\/#\/schema\/logo\/image\/"}}]}},"_links":{"self":[{"href":"https:\/\/colchonesselther.com\/cr\/wp-json\/wp\/v2\/product\/566","targetHints":{"allow":["GET"]}}],"collection":[{"href":"https:\/\/colchonesselther.com\/cr\/wp-json\/wp\/v2\/product"}],"about":[{"href":"https:\/\/colchonesselther.com\/cr\/wp-json\/wp\/v2\/types\/product"}],"replies":[{"embeddable":true,"href":"https:\/\/colchonesselther.com\/cr\/wp-json\/wp\/v2\/comments?post=566"}],"wp:featuredmedia":[{"embeddable":true,"href":"https:\/\/colchonesselther.com\/cr\/wp-json\/wp\/v2\/media\/2343"}],"wp:attachment":[{"href":"https:\/\/colchonesselther.com\/cr\/wp-json\/wp\/v2\/media?parent=566"}],"wp:term":[{"taxonomy":"product_brand","embeddable":true,"href":"https:\/\/colchonesselther.com\/cr\/wp-json\/wp\/v2\/product_brand?post=566"},{"taxonomy":"product_cat","embeddable":true,"href":"https:\/\/colchonesselther.com\/cr\/wp-json\/wp\/v2\/product_cat?post=566"},{"taxonomy":"product_tag","embeddable":true,"href":"https:\/\/colchonesselther.com\/cr\/wp-json\/wp\/v2\/product_tag?post=566"}],"curies":[{"name":"wp","href":"https:\/\/api.w.org\/{rel}","templated":true}]}}